{"id":17942,"date":"2021-10-13T14:44:17","date_gmt":"2021-10-13T12:44:17","guid":{"rendered":"https:\/\/samcla.com\/?page_id=17942"},"modified":"2026-01-26T10:24:32","modified_gmt":"2026-01-26T09:24:32","slug":"avis-legal-i-politica-de-privacitat","status":"publish","type":"page","link":"https:\/\/samcla.com\/ca\/avis-legal-i-politica-de-privacitat\/","title":{"rendered":"Z &#8211; AV\u00cdS LEGAL"},"content":{"rendered":"<section  class='av_textblock_section av-v28q8m-6bfe86843a9f76c94a1c16852d51dfcb '   itemscope=\"itemscope\" itemtype=\"https:\/\/schema.org\/CreativeWork\" ><div class='avia_textblock'  itemprop=\"text\" ><h2>AV\u00cdS LEGAL<\/h2>\n<p>Per complir amb la normativa definida a la Llei 34\/ 2002, del 11 de Juliol, de Serveis de la Societat de la Informaci\u00f3 i de Comer\u00e7 Electr\u00f2nic, indiquem a continuaci\u00f3 les dades d\u2019informaci\u00f3 general d\u2019aquesta p\u00e0gina web:<\/p>\n<p>Titular: SAMCLA-ESIC, SL<\/p>\n<p>Adre\u00e7a: Cam\u00ed del Mig, 39 Nau A 08349 Cabrera de Mar (Barcelona)<\/p>\n<p>Contacte: Jordi Samon<\/p>\n<p>Tel\u00e8fon: 93 790 77 79<\/p>\n<p>Fax: 93 790 77 02<\/p>\n<p>Dades Registrals: Registre Mercantil de Barcelona, Volum 35283, Foli 155, Full B-262238, Inscripci\u00f3 1a.<\/p>\n<p>CIF: B62975396<\/p>\n<h2>PROPIETAT INTEL\u00b7LECTUAL<\/h2>\n<p>Tots els continguts, incloent-hi els textes, les imatges, els documents sonors i qualsevol altre material, s\u00f3n propietat de SAMCLA-ESIC, SL Es reserven tots els drets d&#8217;explotaci\u00f3.<br \/>\nPer tant, queda prohibida la reproducci\u00f3, retransmissi\u00f3, c\u00f2pia, cessi\u00f3 o difusi\u00f3 total o parcial del contingut d&#8217;aquest p\u00e0gina web sense autoritzaci\u00f3 expressa i per escrit del titular.<\/p>\n<h2>RESPONSABILITAT DELS CONTINGUTS I ELS ENLLA\u00c7OS<\/h2>\n<p>SAMCLA-ESIC, SL no assumeix la responsabilitat de les infraccions en que puguin inc\u00f3rrer els usuaris o dels danys i perjudicis causats per l&#8217;\u00fas d&#8217;aquesta web i es reserva el dret d&#8217;actualitzaci\u00f3 i modificaci\u00f3 de la informaci\u00f3 sense previ av\u00eds.<\/p>\n<p>SAMCLA-ESIC, SL tampoc assixume la responsabilitat del contingut, veracitat i\/o possibles errors als enlla\u00e7os als quals es pot accedir a trav\u00e9s de la nostra p\u00e0gina web L&#8217;\u00fanica finalitat dels enlla\u00e7os \u00e9s la de proporcionar als usuaris l&#8217;acc\u00e9s a una informaci\u00f3 que pot \u00e9sser del seu inter\u00e8s.<\/p>\n<h2>POL\u00cdTICA DE PRIVACITAT<\/h2>\n<p>Amb l\u2019objectiu de complir els preceptes de la Llei Org\u00e0nica 15\/1999 de Protecci\u00f3 de Dades de Car\u00e0cter Personal i del Reglament General de Protecci\u00f3 de Dades 2016\/679 de la Uni\u00f3 Europea,\u00a0 SAMCLA-ESIC, SL\u00a0 informa als usuaris d\u2019aquesta p\u00e0gina web dels punts seg\u00fcents:<\/p>\n<p>Tota la informaci\u00f3 que rebi SAMCLA-ESIC, SL ser\u00e0 tractada amb\u00a0 la m\u00e0xima confidencialitat i\u00a0 seguretat, i\u00a0 s\u2019incorporar\u00e0 als fitxers automatitzats de la seva propietat, la creaci\u00f3 dels quals ha estat degudament notificada a l\u2019Ag\u00e8ncia de Protecci\u00f3 de Dades.<\/p>\n<p>Aquesta informaci\u00f3 \u00e9s emprada per SAMCLA-ESIC, SL\u00a0 amb\u00a0 la finalitat de mantenir la relaci\u00f3 comercial i\u00a0 mercantil amb\u00a0 els seus clients, aix\u00ed com per mantenir-los puntualment informats dels productes i\u00a0 serveis que ofereix, i\u00a0 podr\u00e0 ser comunicada a terceres parts (\u00fanicamente partners i distribu\u00efdors oficials) aix\u00ed com en els casos en que SAMCLA-ESIC, SL estigui obligada legalment o es tracti de dades d\u2019informaci\u00f3 p\u00fablica.<\/p>\n<p>Les persones interessades podran exercir respecte a SAMCLA-ESIC, SL els drets d\u2019acc\u00e9s, rectificaci\u00f3, supressi\u00f3, portabilitat, aix\u00ed com d&#8217;oposici\u00f3 o limitaci\u00f3 al tractament de les seves dades personals, mitjan\u00e7ant un escrit signat adre\u00e7at a SAMCLA-ESIC, SL,\u00a0 Cam\u00ed del Mig, 39 Nau A 08349 Cabrera de Mar (Barcelona),\u00a0 o b\u00e9\u00a0 trametent-lo per mail\u00a0 a l&#8217;adre\u00e7a <a href=\"mailto:leb@lebsa.com\">lopd@samcla.com<\/a>, afegint-hi en qualsevol cas la fotoc\u00f2pia del DNI de la persona interessada.<\/p>\n<p>SAMCLA-ESIC, SL guardar\u00e0 les dades de car\u00e0cter personal que hagi recollit, i\u00a0 adoptar\u00e0 les mesures necess\u00e0ries per evitar la seva alteraci\u00f3, p\u00e8rdua, tractament o acc\u00e9s no autoritzat. SAMCLA-ESIC, SL complir\u00e0 amb\u00a0 aquesta obligaci\u00f3 de conformitat amb\u00a0 el Reglament 2016\/679 (UE) del Parlament Europeu i el Consell de la Uni\u00f3 Europea (Reglament General de Protecci\u00f3 de Dades &#8211; RGPD) i\u00a0 totes les\u00a0 disposicions posteriors.<\/p>\n<\/div><\/section>\n","protected":false},"excerpt":{"rendered":"","protected":false},"author":6,"featured_media":0,"parent":0,"menu_order":0,"comment_status":"closed","ping_status":"closed","template":"","meta":{"footnotes":""},"class_list":["post-17942","page","type-page","status-publish","hentry"],"yoast_head":"<!-- This site is optimized with the Yoast SEO plugin v27.3 - https:\/\/yoast.com\/product\/yoast-seo-wordpress\/ -->\n<title>Z - AV\u00cdS LEGAL &#8212; Samcla<\/title>\n<meta name=\"robots\" content=\"index, follow, max-snippet:-1, max-image-preview:large, max-video-preview:-1\" \/>\n<link rel=\"canonical\" href=\"https:\/\/samcla.com\/ca\/avis-legal-i-politica-de-privacitat\/\" \/>\n<meta property=\"og:locale\" content=\"ca_ES\" \/>\n<meta property=\"og:type\" content=\"article\" \/>\n<meta property=\"og:title\" content=\"Z - AV\u00cdS LEGAL &#8212; Samcla\" \/>\n<meta property=\"og:url\" content=\"https:\/\/samcla.com\/ca\/avis-legal-i-politica-de-privacitat\/\" \/>\n<meta property=\"og:site_name\" content=\"Samcla\" \/>\n<meta property=\"article:modified_time\" content=\"2026-01-26T09:24:32+00:00\" \/>\n<meta name=\"twitter:card\" content=\"summary_large_image\" \/>\n<meta name=\"twitter:label1\" content=\"Temps estimat de lectura\" \/>\n\t<meta name=\"twitter:data1\" content=\"3 minuts\" \/>\n<script type=\"application\/ld+json\" class=\"yoast-schema-graph\">{\"@context\":\"https:\\\/\\\/schema.org\",\"@graph\":[{\"@type\":\"WebPage\",\"@id\":\"https:\\\/\\\/samcla.com\\\/ca\\\/avis-legal-i-politica-de-privacitat\\\/\",\"url\":\"https:\\\/\\\/samcla.com\\\/ca\\\/avis-legal-i-politica-de-privacitat\\\/\",\"name\":\"Z - AV\u00cdS LEGAL &#8212; Samcla\",\"isPartOf\":{\"@id\":\"https:\\\/\\\/samcla.com\\\/ca\\\/#website\"},\"datePublished\":\"2021-10-13T12:44:17+00:00\",\"dateModified\":\"2026-01-26T09:24:32+00:00\",\"breadcrumb\":{\"@id\":\"https:\\\/\\\/samcla.com\\\/ca\\\/avis-legal-i-politica-de-privacitat\\\/#breadcrumb\"},\"inLanguage\":\"ca\",\"potentialAction\":[{\"@type\":\"ReadAction\",\"target\":[\"https:\\\/\\\/samcla.com\\\/ca\\\/avis-legal-i-politica-de-privacitat\\\/\"]}]},{\"@type\":\"BreadcrumbList\",\"@id\":\"https:\\\/\\\/samcla.com\\\/ca\\\/avis-legal-i-politica-de-privacitat\\\/#breadcrumb\",\"itemListElement\":[{\"@type\":\"ListItem\",\"position\":1,\"name\":\"Portada\",\"item\":\"https:\\\/\\\/samcla.com\\\/ca\\\/inici\\\/\"},{\"@type\":\"ListItem\",\"position\":2,\"name\":\"Z &#8211; AV\u00cdS LEGAL\"}]},{\"@type\":\"WebSite\",\"@id\":\"https:\\\/\\\/samcla.com\\\/ca\\\/#website\",\"url\":\"https:\\\/\\\/samcla.com\\\/ca\\\/\",\"name\":\"Samcla\",\"description\":\"Sistema de telegesti\u00f3n para redes de riego\",\"publisher\":{\"@id\":\"https:\\\/\\\/samcla.com\\\/ca\\\/#organization\"},\"potentialAction\":[{\"@type\":\"SearchAction\",\"target\":{\"@type\":\"EntryPoint\",\"urlTemplate\":\"https:\\\/\\\/samcla.com\\\/ca\\\/?s={search_term_string}\"},\"query-input\":{\"@type\":\"PropertyValueSpecification\",\"valueRequired\":true,\"valueName\":\"search_term_string\"}}],\"inLanguage\":\"ca\"},{\"@type\":\"Organization\",\"@id\":\"https:\\\/\\\/samcla.com\\\/ca\\\/#organization\",\"name\":\"SAMCLA\",\"url\":\"https:\\\/\\\/samcla.com\\\/ca\\\/\",\"logo\":{\"@type\":\"ImageObject\",\"inLanguage\":\"ca\",\"@id\":\"https:\\\/\\\/samcla.com\\\/ca\\\/#\\\/schema\\\/logo\\\/image\\\/\",\"url\":\"https:\\\/\\\/samcla.com\\\/wp-content\\\/uploads\\\/2018\\\/03\\\/LOGO_SAMCLA_HOME_5.png\",\"contentUrl\":\"https:\\\/\\\/samcla.com\\\/wp-content\\\/uploads\\\/2018\\\/03\\\/LOGO_SAMCLA_HOME_5.png\",\"width\":\"543\",\"height\":\"200\",\"caption\":\"SAMCLA\"},\"image\":{\"@id\":\"https:\\\/\\\/samcla.com\\\/ca\\\/#\\\/schema\\\/logo\\\/image\\\/\"},\"sameAs\":[\"http:\\\/\\\/samclatelemanagement\"]}]}<\/script>\n<!-- \/ Yoast SEO plugin. -->","yoast_head_json":{"title":"Z - AV\u00cdS LEGAL &#8212; Samcla","robots":{"index":"index","follow":"follow","max-snippet":"max-snippet:-1","max-image-preview":"max-image-preview:large","max-video-preview":"max-video-preview:-1"},"canonical":"https:\/\/samcla.com\/ca\/avis-legal-i-politica-de-privacitat\/","og_locale":"ca_ES","og_type":"article","og_title":"Z - AV\u00cdS LEGAL &#8212; Samcla","og_url":"https:\/\/samcla.com\/ca\/avis-legal-i-politica-de-privacitat\/","og_site_name":"Samcla","article_modified_time":"2026-01-26T09:24:32+00:00","twitter_card":"summary_large_image","twitter_misc":{"Temps estimat de lectura":"3 minuts"},"schema":{"@context":"https:\/\/schema.org","@graph":[{"@type":"WebPage","@id":"https:\/\/samcla.com\/ca\/avis-legal-i-politica-de-privacitat\/","url":"https:\/\/samcla.com\/ca\/avis-legal-i-politica-de-privacitat\/","name":"Z - AV\u00cdS LEGAL &#8212; Samcla","isPartOf":{"@id":"https:\/\/samcla.com\/ca\/#website"},"datePublished":"2021-10-13T12:44:17+00:00","dateModified":"2026-01-26T09:24:32+00:00","breadcrumb":{"@id":"https:\/\/samcla.com\/ca\/avis-legal-i-politica-de-privacitat\/#breadcrumb"},"inLanguage":"ca","potentialAction":[{"@type":"ReadAction","target":["https:\/\/samcla.com\/ca\/avis-legal-i-politica-de-privacitat\/"]}]},{"@type":"BreadcrumbList","@id":"https:\/\/samcla.com\/ca\/avis-legal-i-politica-de-privacitat\/#breadcrumb","itemListElement":[{"@type":"ListItem","position":1,"name":"Portada","item":"https:\/\/samcla.com\/ca\/inici\/"},{"@type":"ListItem","position":2,"name":"Z &#8211; AV\u00cdS LEGAL"}]},{"@type":"WebSite","@id":"https:\/\/samcla.com\/ca\/#website","url":"https:\/\/samcla.com\/ca\/","name":"Samcla","description":"Sistema de telegesti\u00f3n para redes de riego","publisher":{"@id":"https:\/\/samcla.com\/ca\/#organization"},"potentialAction":[{"@type":"SearchAction","target":{"@type":"EntryPoint","urlTemplate":"https:\/\/samcla.com\/ca\/?s={search_term_string}"},"query-input":{"@type":"PropertyValueSpecification","valueRequired":true,"valueName":"search_term_string"}}],"inLanguage":"ca"},{"@type":"Organization","@id":"https:\/\/samcla.com\/ca\/#organization","name":"SAMCLA","url":"https:\/\/samcla.com\/ca\/","logo":{"@type":"ImageObject","inLanguage":"ca","@id":"https:\/\/samcla.com\/ca\/#\/schema\/logo\/image\/","url":"https:\/\/samcla.com\/wp-content\/uploads\/2018\/03\/LOGO_SAMCLA_HOME_5.png","contentUrl":"https:\/\/samcla.com\/wp-content\/uploads\/2018\/03\/LOGO_SAMCLA_HOME_5.png","width":"543","height":"200","caption":"SAMCLA"},"image":{"@id":"https:\/\/samcla.com\/ca\/#\/schema\/logo\/image\/"},"sameAs":["http:\/\/samclatelemanagement"]}]}},"_links":{"self":[{"href":"https:\/\/samcla.com\/ca\/wp-json\/wp\/v2\/pages\/17942","targetHints":{"allow":["GET"]}}],"collection":[{"href":"https:\/\/samcla.com\/ca\/wp-json\/wp\/v2\/pages"}],"about":[{"href":"https:\/\/samcla.com\/ca\/wp-json\/wp\/v2\/types\/page"}],"author":[{"embeddable":true,"href":"https:\/\/samcla.com\/ca\/wp-json\/wp\/v2\/users\/6"}],"replies":[{"embeddable":true,"href":"https:\/\/samcla.com\/ca\/wp-json\/wp\/v2\/comments?post=17942"}],"version-history":[{"count":0,"href":"https:\/\/samcla.com\/ca\/wp-json\/wp\/v2\/pages\/17942\/revisions"}],"wp:attachment":[{"href":"https:\/\/samcla.com\/ca\/wp-json\/wp\/v2\/media?parent=17942"}],"curies":[{"name":"wp","href":"https:\/\/api.w.org\/{rel}","templated":true}]}}