{"id":17957,"date":"2021-10-13T14:53:45","date_gmt":"2021-10-13T12:53:45","guid":{"rendered":"https:\/\/samcla.com\/?page_id=17957"},"modified":"2021-10-21T08:27:46","modified_gmt":"2021-10-21T06:27:46","slug":"politica-de-cookies-2","status":"publish","type":"page","link":"https:\/\/samcla.com\/ca\/politica-de-cookies-2\/","title":{"rendered":"Z &#8211; POL\u00cdTICA DE COOKIES"},"content":{"rendered":"<section  class='av_textblock_section av-av_textblock-01da66c8a430ece279119bac7dc1a336 '   itemscope=\"itemscope\" itemtype=\"https:\/\/schema.org\/CreativeWork\" ><div class='avia_textblock'  itemprop=\"text\" ><h1>Pol\u00edtica de cookies<\/h1>\n<p>Una galeta \u00e9s un petit fitxer de text que s&#8217;emmagatzema en el seu navegador quan visita gaireb\u00e9 qualsevol p\u00e0gina web. La seva utilitat \u00e9s que el web sigui capa\u00e7 de recordar la seva visita quan torni a navegar per aquesta p\u00e0gina. Les galetes solen emmagatzemar informaci\u00f3 de car\u00e0cter t\u00e8cnic, prefer\u00e8ncies personals, personalitzaci\u00f3 de continguts, estad\u00edstiques d&#8217;\u00fas, enlla\u00e7os a xarxes socials, acc\u00e9s a comptes d&#8217;usuari, etc. L&#8217;objectiu de la galeta \u00e9s adaptar el contingut de la web al seu perfil i necessitats, sense cookies els serveis oferts per qualsevol p\u00e0gina es veurien minvats notablement. Si voleu consultar m\u00e9s informaci\u00f3 sobre qu\u00e8 s\u00f3n les galetes, qu\u00e8 s&#8217;emmagatzemen, com eliminar-les, desactivar-les, etc., li preguem es dirigeixi a aquest enlla\u00e7.<\/p>\n<h2>Galetes utilitzades en aquest lloc web<\/h2>\n<p>Seguint les directrius de l&#8217;Ag\u00e8ncia Espanyola de Protecci\u00f3 de Dades procedim a detallar l&#8217;\u00fas de galetes que fa aquesta web per tal d&#8217;informar-lo amb la m\u00e0xima exactitud possible.<\/p>\n<p>Aquest lloc web utilitza les seg\u00fcents <strong>galetes pr\u00f2pies<\/strong>:<\/p>\n<ul>\n<li>Galetes de sessi\u00f3, per garantir que els usuaris que escriguin comentaris al blog siguin humans i no aplicacions automatitzades. D&#8217;aquesta manera es combat el correu brossa.<\/li>\n<\/ul>\n<p>Aquest lloc web utilitza les seg\u00fcents <strong>galetes de tercers<\/strong>:<\/p>\n<ul>\n<li>Google Analytics: Emmagatzema cookies per poder elaborar estad\u00edstiques sobre el tr\u00e0nsit i volum de visites d&#8217;aquest web. A l&#8217;utilitzar aquest lloc web est\u00e0 consentint el tractament d&#8217;informaci\u00f3 sobre vost\u00e8 per Google. Per tant, l&#8217;exercici de qualsevol dret en aquest sentit haur\u00e0 de fer comunicant directament amb Google.<\/li>\n<li>Xarxes socials: Cada xarxa social utilitza les seves pr\u00f2pies galetes per tu punxar en botons de l&#8217;tipus M&#8217;agrada o Compartir.<\/li>\n<\/ul>\n<h2>Desactivaci\u00f3 o eliminaci\u00f3 de galetes<\/h2>\n<p>En qualsevol moment podr\u00e0 exercir el seu dret de desactivaci\u00f3 o eliminaci\u00f3 de galetes d&#8217;aquest lloc web. Aquestes accions es realitzen de forma diferent en funci\u00f3 de el navegador que esteu utilitzant. Aqu\u00ed li deixem una guia r\u00e0pida per als navegadors m\u00e9s populars.<\/p>\n<h2>Notes addicionals<\/h2>\n<ul>\n<li>Ni aquest web ni els seus representants legals es fan responsables ni de contingut ni de la veracitat de les pol\u00edtiques de privacitat que puguin tenir els tercers esmentats en aquesta pol\u00edtica de galetes.<\/li>\n<li>Els navegadors web s\u00f3n les eines encarregades d&#8217;emmagatzemar les galetes i des d&#8217;aquest lloc d&#8217;efectuar el seu dret a eliminaci\u00f3 o desactivaci\u00f3 de les mateixes. Ni aquest web ni els seus representants legals poden garantir la correcta o incorrecta manipulaci\u00f3 de les galetes per part dels esmentats navegadors.<\/li>\n<li>En alguns casos \u00e9s necessari instal\u00b7lar cookies perqu\u00e8 el navegador no oblidi la seva decisi\u00f3 de no acceptaci\u00f3 de les mateixes.<\/li>\n<li>En el cas de les galetes de Google Analytics, aquesta empresa emmagatzema les galetes en els servidors als Estats Units i es compromet a no compartir-la amb tercers, excepte en els casos en qu\u00e8 sigui necessari per al funcionament de sistema o quan la llei obligui a aquest efecte. Segons Google no guarda la seva adre\u00e7a IP. Google Inc \u00e9s una companyia adherida a l&#8217;Acord de Port Segur que garanteix que totes les dades transferides seran tractades amb un nivell de protecci\u00f3 d&#8217;acord amb la normativa europea. Podeu consultar informaci\u00f3 detallada referent a aix\u00f2 en aquest enlla\u00e7. Si desitja informaci\u00f3 sobre l&#8217;\u00fas que Google d\u00f3na a les galetes li adjuntem aquest altre enlla\u00e7.<\/li>\n<li>Per a qualsevol dubte o consulta sobre aquesta pol\u00edtica de galetes no dubti en comunicar-se amb nosaltres a trav\u00e9s de la secci\u00f3 de contacte.<\/li>\n<\/ul>\n<\/div><\/section>\n","protected":false},"excerpt":{"rendered":"","protected":false},"author":6,"featured_media":0,"parent":0,"menu_order":0,"comment_status":"closed","ping_status":"closed","template":"","meta":{"footnotes":""},"class_list":["post-17957","page","type-page","status-publish","hentry"],"yoast_head":"<!-- This site is optimized with the Yoast SEO plugin v27.4 - https:\/\/yoast.com\/product\/yoast-seo-wordpress\/ -->\n<title>Z - POL\u00cdTICA DE COOKIES &#8212; Samcla<\/title>\n<meta name=\"robots\" content=\"index, follow, max-snippet:-1, max-image-preview:large, max-video-preview:-1\" \/>\n<link rel=\"canonical\" href=\"https:\/\/samcla.com\/ca\/politica-de-cookies-2\/\" \/>\n<meta property=\"og:locale\" content=\"ca_ES\" \/>\n<meta property=\"og:type\" content=\"article\" \/>\n<meta property=\"og:title\" content=\"Z - POL\u00cdTICA DE COOKIES &#8212; Samcla\" \/>\n<meta property=\"og:url\" content=\"https:\/\/samcla.com\/ca\/politica-de-cookies-2\/\" \/>\n<meta property=\"og:site_name\" content=\"Samcla\" \/>\n<meta property=\"article:modified_time\" content=\"2021-10-21T06:27:46+00:00\" \/>\n<meta name=\"twitter:card\" content=\"summary_large_image\" \/>\n<meta name=\"twitter:label1\" content=\"Temps estimat de lectura\" \/>\n\t<meta name=\"twitter:data1\" content=\"3 minuts\" \/>\n<script type=\"application\/ld+json\" class=\"yoast-schema-graph\">{\"@context\":\"https:\\\/\\\/schema.org\",\"@graph\":[{\"@type\":\"WebPage\",\"@id\":\"https:\\\/\\\/samcla.com\\\/ca\\\/politica-de-cookies-2\\\/\",\"url\":\"https:\\\/\\\/samcla.com\\\/ca\\\/politica-de-cookies-2\\\/\",\"name\":\"Z - POL\u00cdTICA DE COOKIES &#8212; Samcla\",\"isPartOf\":{\"@id\":\"https:\\\/\\\/samcla.com\\\/ca\\\/#website\"},\"datePublished\":\"2021-10-13T12:53:45+00:00\",\"dateModified\":\"2021-10-21T06:27:46+00:00\",\"breadcrumb\":{\"@id\":\"https:\\\/\\\/samcla.com\\\/ca\\\/politica-de-cookies-2\\\/#breadcrumb\"},\"inLanguage\":\"ca\",\"potentialAction\":[{\"@type\":\"ReadAction\",\"target\":[\"https:\\\/\\\/samcla.com\\\/ca\\\/politica-de-cookies-2\\\/\"]}]},{\"@type\":\"BreadcrumbList\",\"@id\":\"https:\\\/\\\/samcla.com\\\/ca\\\/politica-de-cookies-2\\\/#breadcrumb\",\"itemListElement\":[{\"@type\":\"ListItem\",\"position\":1,\"name\":\"Portada\",\"item\":\"https:\\\/\\\/samcla.com\\\/ca\\\/inici\\\/\"},{\"@type\":\"ListItem\",\"position\":2,\"name\":\"Z &#8211; POL\u00cdTICA DE COOKIES\"}]},{\"@type\":\"WebSite\",\"@id\":\"https:\\\/\\\/samcla.com\\\/ca\\\/#website\",\"url\":\"https:\\\/\\\/samcla.com\\\/ca\\\/\",\"name\":\"Samcla\",\"description\":\"Sistema de telegesti\u00f3n para redes de riego\",\"publisher\":{\"@id\":\"https:\\\/\\\/samcla.com\\\/ca\\\/#organization\"},\"potentialAction\":[{\"@type\":\"SearchAction\",\"target\":{\"@type\":\"EntryPoint\",\"urlTemplate\":\"https:\\\/\\\/samcla.com\\\/ca\\\/?s={search_term_string}\"},\"query-input\":{\"@type\":\"PropertyValueSpecification\",\"valueRequired\":true,\"valueName\":\"search_term_string\"}}],\"inLanguage\":\"ca\"},{\"@type\":\"Organization\",\"@id\":\"https:\\\/\\\/samcla.com\\\/ca\\\/#organization\",\"name\":\"SAMCLA\",\"url\":\"https:\\\/\\\/samcla.com\\\/ca\\\/\",\"logo\":{\"@type\":\"ImageObject\",\"inLanguage\":\"ca\",\"@id\":\"https:\\\/\\\/samcla.com\\\/ca\\\/#\\\/schema\\\/logo\\\/image\\\/\",\"url\":\"https:\\\/\\\/samcla.com\\\/wp-content\\\/uploads\\\/2018\\\/03\\\/LOGO_SAMCLA_HOME_5.png\",\"contentUrl\":\"https:\\\/\\\/samcla.com\\\/wp-content\\\/uploads\\\/2018\\\/03\\\/LOGO_SAMCLA_HOME_5.png\",\"width\":\"543\",\"height\":\"200\",\"caption\":\"SAMCLA\"},\"image\":{\"@id\":\"https:\\\/\\\/samcla.com\\\/ca\\\/#\\\/schema\\\/logo\\\/image\\\/\"},\"sameAs\":[\"http:\\\/\\\/samclatelemanagement\"]}]}<\/script>\n<!-- \/ Yoast SEO plugin. -->","yoast_head_json":{"title":"Z - POL\u00cdTICA DE COOKIES &#8212; Samcla","robots":{"index":"index","follow":"follow","max-snippet":"max-snippet:-1","max-image-preview":"max-image-preview:large","max-video-preview":"max-video-preview:-1"},"canonical":"https:\/\/samcla.com\/ca\/politica-de-cookies-2\/","og_locale":"ca_ES","og_type":"article","og_title":"Z - POL\u00cdTICA DE COOKIES &#8212; Samcla","og_url":"https:\/\/samcla.com\/ca\/politica-de-cookies-2\/","og_site_name":"Samcla","article_modified_time":"2021-10-21T06:27:46+00:00","twitter_card":"summary_large_image","twitter_misc":{"Temps estimat de lectura":"3 minuts"},"schema":{"@context":"https:\/\/schema.org","@graph":[{"@type":"WebPage","@id":"https:\/\/samcla.com\/ca\/politica-de-cookies-2\/","url":"https:\/\/samcla.com\/ca\/politica-de-cookies-2\/","name":"Z - POL\u00cdTICA DE COOKIES &#8212; Samcla","isPartOf":{"@id":"https:\/\/samcla.com\/ca\/#website"},"datePublished":"2021-10-13T12:53:45+00:00","dateModified":"2021-10-21T06:27:46+00:00","breadcrumb":{"@id":"https:\/\/samcla.com\/ca\/politica-de-cookies-2\/#breadcrumb"},"inLanguage":"ca","potentialAction":[{"@type":"ReadAction","target":["https:\/\/samcla.com\/ca\/politica-de-cookies-2\/"]}]},{"@type":"BreadcrumbList","@id":"https:\/\/samcla.com\/ca\/politica-de-cookies-2\/#breadcrumb","itemListElement":[{"@type":"ListItem","position":1,"name":"Portada","item":"https:\/\/samcla.com\/ca\/inici\/"},{"@type":"ListItem","position":2,"name":"Z &#8211; POL\u00cdTICA DE COOKIES"}]},{"@type":"WebSite","@id":"https:\/\/samcla.com\/ca\/#website","url":"https:\/\/samcla.com\/ca\/","name":"Samcla","description":"Sistema de telegesti\u00f3n para redes de riego","publisher":{"@id":"https:\/\/samcla.com\/ca\/#organization"},"potentialAction":[{"@type":"SearchAction","target":{"@type":"EntryPoint","urlTemplate":"https:\/\/samcla.com\/ca\/?s={search_term_string}"},"query-input":{"@type":"PropertyValueSpecification","valueRequired":true,"valueName":"search_term_string"}}],"inLanguage":"ca"},{"@type":"Organization","@id":"https:\/\/samcla.com\/ca\/#organization","name":"SAMCLA","url":"https:\/\/samcla.com\/ca\/","logo":{"@type":"ImageObject","inLanguage":"ca","@id":"https:\/\/samcla.com\/ca\/#\/schema\/logo\/image\/","url":"https:\/\/samcla.com\/wp-content\/uploads\/2018\/03\/LOGO_SAMCLA_HOME_5.png","contentUrl":"https:\/\/samcla.com\/wp-content\/uploads\/2018\/03\/LOGO_SAMCLA_HOME_5.png","width":"543","height":"200","caption":"SAMCLA"},"image":{"@id":"https:\/\/samcla.com\/ca\/#\/schema\/logo\/image\/"},"sameAs":["http:\/\/samclatelemanagement"]}]}},"_links":{"self":[{"href":"https:\/\/samcla.com\/ca\/wp-json\/wp\/v2\/pages\/17957","targetHints":{"allow":["GET"]}}],"collection":[{"href":"https:\/\/samcla.com\/ca\/wp-json\/wp\/v2\/pages"}],"about":[{"href":"https:\/\/samcla.com\/ca\/wp-json\/wp\/v2\/types\/page"}],"author":[{"embeddable":true,"href":"https:\/\/samcla.com\/ca\/wp-json\/wp\/v2\/users\/6"}],"replies":[{"embeddable":true,"href":"https:\/\/samcla.com\/ca\/wp-json\/wp\/v2\/comments?post=17957"}],"version-history":[{"count":0,"href":"https:\/\/samcla.com\/ca\/wp-json\/wp\/v2\/pages\/17957\/revisions"}],"wp:attachment":[{"href":"https:\/\/samcla.com\/ca\/wp-json\/wp\/v2\/media?parent=17957"}],"curies":[{"name":"wp","href":"https:\/\/api.w.org\/{rel}","templated":true}]}}