{"id":18590,"date":"2021-10-27T16:59:04","date_gmt":"2021-10-27T14:59:04","guid":{"rendered":"https:\/\/samcla.com\/avis-juridique-politique-de-confidentialite\/"},"modified":"2026-01-26T10:26:54","modified_gmt":"2026-01-26T09:26:54","slug":"avis-juridique-politique-de-confidentialite","status":"publish","type":"page","link":"https:\/\/samcla.com\/fr\/avis-juridique-politique-de-confidentialite\/","title":{"rendered":"Z &#8211; AVIS JURIDIQUE &#038; POLITIQUE DE CONFIDENTIALIT\u00c9"},"content":{"rendered":"<section  class='av_textblock_section av-laup1o-2ebf6da378572fceb8f9513b6d9539c6 '   itemscope=\"itemscope\" itemtype=\"https:\/\/schema.org\/CreativeWork\" ><div class='avia_textblock'  itemprop=\"text\" ><h2 id=\"tw-target-text\" class=\"tw-data-text tw-text-large XcVN5d tw-ta\" dir=\"ltr\" data-placeholder=\"Traduction\"><span class=\"Y2IQFc\" lang=\"fr\">MENTION L\u00c9GALE <\/span><\/h2>\n<p class=\"tw-data-text tw-text-large XcVN5d tw-ta\" dir=\"ltr\" data-placeholder=\"Traduction\"><span class=\"Y2IQFc\" lang=\"fr\">Afin de se conformer \u00e0 la loi 34\/2002 du 11 juillet, relative aux services de la soci\u00e9t\u00e9 de l&rsquo;information et au commerce \u00e9lectronique, les donn\u00e9es d&rsquo;identification de l&rsquo;entreprise sont \u00e9num\u00e9r\u00e9es ci-dessous :<\/span><\/p>\n<p class=\"tw-data-text tw-text-large XcVN5d tw-ta\" dir=\"ltr\" data-placeholder=\"Traduction\"><span class=\"Y2IQFc\" lang=\"fr\">Titulaire : SAMCLA-ESIC, SL Adresse : Cam\u00ed del Mig, 39 Nau A 08349 Cabrera de Mar (Barcelona)<\/span><\/p>\n<p class=\"tw-data-text tw-text-large XcVN5d tw-ta\" dir=\"ltr\" data-placeholder=\"Traduction\"><span class=\"Y2IQFc\" lang=\"fr\">Contact : Jordi Samon T\u00e9l\u00e9phone : +34 93 790 77 79\u00a0<\/span><\/p>\n<p class=\"tw-data-text tw-text-large XcVN5d tw-ta\" dir=\"ltr\" data-placeholder=\"Traduction\"><span class=\"Y2IQFc\" lang=\"fr\">D\u00e9tails de l&rsquo;inscription : Registro Mercantil de Barcelona, \u200b\u200bTomo 35283, Folio 155, Hoja B-262238, Inscripci\u00f3n 1a. Num\u00e9ro d&rsquo;identification fiscale\/caf\u00e9 : B62975396<\/span><\/p>\n<h2 class=\"tw-data-text tw-text-large XcVN5d tw-ta\" dir=\"ltr\" data-placeholder=\"Traduction\"><span class=\"Y2IQFc\" lang=\"fr\">PROPRI\u00c9T\u00c9 INTELLECTUELLE<\/span><\/h2>\n<p class=\"tw-data-text tw-text-large XcVN5d tw-ta\" dir=\"ltr\" data-placeholder=\"Traduction\"><span class=\"Y2IQFc\" lang=\"fr\">Tout le contenu, y compris le texte, les images, les enregistrements sonores et autres contenus sont la propri\u00e9t\u00e9 de SAMCLA-ESIC, SL qui se r\u00e9serve tous les droits d&rsquo;exploitation. Par cons\u00e9quent, la reproduction, la copie, la distribution ou le transfert de tout ou partie du contenu de ce site Web sans le consentement \u00e9crit expr\u00e8s du propri\u00e9taire est interdit.<\/span><\/p>\n<h2 class=\"tw-data-text tw-text-large XcVN5d tw-ta\" dir=\"ltr\" data-placeholder=\"Traduction\"><span class=\"Y2IQFc\" lang=\"fr\">RESPONSABILIT\u00c9 CONTENU ET LIENS <\/span><\/h2>\n<p class=\"tw-data-text tw-text-large XcVN5d tw-ta\" dir=\"ltr\" data-placeholder=\"Traduction\"><span class=\"Y2IQFc\" lang=\"fr\">SAMCLA-ESIC, SL d\u00e9cline toute responsabilit\u00e9 pour les infractions qui pourraient \u00eatre encourues par les utilisateurs ou pour les dommages caus\u00e9s par l&rsquo;utilisation de ce site Web et se r\u00e9serve le droit de mettre \u00e0 jour et de modifier les informations sans pr\u00e9avis. SAMCLA-ESIC, SL d\u00e9cline toute responsabilit\u00e9 quant au contenu, \u00e0 l&rsquo;exactitude et\/ou aux erreurs des liens accessibles via notre site Web. Le seul but des liens est de fournir aux utilisateurs un acc\u00e8s \u00e0 des informations susceptibles de les int\u00e9resser.<\/span><\/p>\n<h2 id=\"tw-target-text\" class=\"tw-data-text tw-text-large XcVN5d tw-ta\" dir=\"ltr\" data-placeholder=\"Traduction\"><span class=\"Y2IQFc\" lang=\"fr\">POLITIQUE DE CONFIDENTIALIT\u00c9<\/span><\/h2>\n<p class=\"tw-data-text tw-text-large XcVN5d tw-ta\" dir=\"ltr\" data-placeholder=\"Traduction\"><span class=\"Y2IQFc\" lang=\"fr\">Conform\u00e9ment aux pr\u00e9ceptes de la loi constitutionnelle 15\/1999 pour la protection des informations personnelles et du r\u00e8glement g\u00e9n\u00e9ral sur la protection des donn\u00e9es 2016\/679 du Conseil europ\u00e9en, SAMCLA-ESIC, SL souhaite informer les utilisateurs de son site Web de ce qui suit :<\/span><\/p>\n<p class=\"tw-data-text tw-text-large XcVN5d tw-ta\" dir=\"ltr\" data-placeholder=\"Traduction\"><span class=\"Y2IQFc\" lang=\"fr\">Les informations que SAMCLA-ESIC, SL re\u00e7oit dans le cadre de ses diff\u00e9rents services sont trait\u00e9es avec un maximum de confidentialit\u00e9 et de s\u00e9curit\u00e9, et seront incorpor\u00e9es dans un fichier automatis\u00e9 de la cr\u00e9ation duquel l&rsquo;Agence de protection des donn\u00e9es d\u00fbment inform\u00e9e. <\/span><\/p>\n<p class=\"tw-data-text tw-text-large XcVN5d tw-ta\" dir=\"ltr\" data-placeholder=\"Traduction\"><span class=\"Y2IQFc\" lang=\"fr\">En outre, ces informations sont utilis\u00e9es par SAMCLA-ESIC, SL \u00e0 des fins li\u00e9es \u00e0 chaque produit et service, et \u00e0 la relation commerciale avec ses clients, et peuvent \u00eatre communiqu\u00e9es \u00e0 des tiers (partenaires et distributeurs officiels uniquement) et au cas ou SAMCLA-ESIC, SL soit oblig\u00e9 de le faire par les autorit\u00e9s ou il s&rsquo;agit d&rsquo;informations publiques. <\/span><\/p>\n<p class=\"tw-data-text tw-text-large XcVN5d tw-ta\" dir=\"ltr\" data-placeholder=\"Traduction\"><span class=\"Y2IQFc\" lang=\"fr\">Les parties int\u00e9ress\u00e9es peuvent exercer leurs droits d&rsquo;acc\u00e8s, de rectification, de limitation de traitement, de suppression, de portabilit\u00e9 et d&rsquo;opposition en contactant SAMCLA-ESIC, SL, responsable du dossier, \u00e0 cet effet, \u00e0 l&rsquo;adresse suivante : SAMCLA-ESIC, SL, Cam\u00ed del Mig, 39 Nau A 08349 Cabrera de Mar (Barcelona), par courrier \u00e0 lopd@samcla.com avec un document \u00e9crit sign\u00e9, fournissant une photocopie du DNI ou du passeport du parti int\u00e9ress\u00e9. <\/span><\/p>\n<p class=\"tw-data-text tw-text-large XcVN5d tw-ta\" dir=\"ltr\" data-placeholder=\"Traduction\"><span class=\"Y2IQFc\" lang=\"fr\">SAMCLA-ESIC, SL conservera les informations personnelles collect\u00e9es et adoptera les mesures n\u00e9cessaires pour \u00e9viter leur alt\u00e9ration, perte, traitement ou acc\u00e8s non autoris\u00e9. SAMCLA-ESIC, SL remplira cette obligation conform\u00e9ment \u00e0 ce qui est \u00e9tabli dans la r\u00e9glementation applicable (R\u00e8glement g\u00e9n\u00e9ral sur la protection des donn\u00e9es 2016\/679 UE &#8211; GDPR et autres dispositions).<\/span><\/p>\n<\/div><\/section>\n","protected":false},"excerpt":{"rendered":"","protected":false},"author":6,"featured_media":0,"parent":0,"menu_order":0,"comment_status":"closed","ping_status":"closed","template":"","meta":{"footnotes":""},"class_list":["post-18590","page","type-page","status-publish","hentry"],"yoast_head":"<!-- This site is optimized with the Yoast SEO plugin v27.4 - https:\/\/yoast.com\/product\/yoast-seo-wordpress\/ -->\n<title>Z - AVIS JURIDIQUE &amp; POLITIQUE DE CONFIDENTIALIT\u00c9 &#8212; Samcla<\/title>\n<meta name=\"robots\" content=\"index, follow, max-snippet:-1, max-image-preview:large, max-video-preview:-1\" \/>\n<link rel=\"canonical\" href=\"https:\/\/samcla.com\/fr\/avis-juridique-politique-de-confidentialite\/\" \/>\n<meta property=\"og:locale\" content=\"fr_FR\" \/>\n<meta property=\"og:type\" content=\"article\" \/>\n<meta property=\"og:title\" content=\"Z - AVIS JURIDIQUE &amp; POLITIQUE DE CONFIDENTIALIT\u00c9 &#8212; Samcla\" \/>\n<meta property=\"og:url\" content=\"https:\/\/samcla.com\/fr\/avis-juridique-politique-de-confidentialite\/\" \/>\n<meta property=\"og:site_name\" content=\"Samcla\" \/>\n<meta property=\"article:modified_time\" content=\"2026-01-26T09:26:54+00:00\" \/>\n<meta name=\"twitter:card\" content=\"summary_large_image\" \/>\n<meta name=\"twitter:label1\" content=\"Dur\u00e9e de lecture estim\u00e9e\" \/>\n\t<meta name=\"twitter:data1\" content=\"3 minutes\" \/>\n<script type=\"application\/ld+json\" class=\"yoast-schema-graph\">{\"@context\":\"https:\\\/\\\/schema.org\",\"@graph\":[{\"@type\":\"WebPage\",\"@id\":\"https:\\\/\\\/samcla.com\\\/fr\\\/avis-juridique-politique-de-confidentialite\\\/\",\"url\":\"https:\\\/\\\/samcla.com\\\/fr\\\/avis-juridique-politique-de-confidentialite\\\/\",\"name\":\"Z - AVIS JURIDIQUE & POLITIQUE DE CONFIDENTIALIT\u00c9 &#8212; Samcla\",\"isPartOf\":{\"@id\":\"https:\\\/\\\/samcla.com\\\/fr\\\/#website\"},\"datePublished\":\"2021-10-27T14:59:04+00:00\",\"dateModified\":\"2026-01-26T09:26:54+00:00\",\"breadcrumb\":{\"@id\":\"https:\\\/\\\/samcla.com\\\/fr\\\/avis-juridique-politique-de-confidentialite\\\/#breadcrumb\"},\"inLanguage\":\"fr-FR\",\"potentialAction\":[{\"@type\":\"ReadAction\",\"target\":[\"https:\\\/\\\/samcla.com\\\/fr\\\/avis-juridique-politique-de-confidentialite\\\/\"]}]},{\"@type\":\"BreadcrumbList\",\"@id\":\"https:\\\/\\\/samcla.com\\\/fr\\\/avis-juridique-politique-de-confidentialite\\\/#breadcrumb\",\"itemListElement\":[{\"@type\":\"ListItem\",\"position\":1,\"name\":\"Portada\",\"item\":\"https:\\\/\\\/samcla.com\\\/fr\\\/accueil\\\/\"},{\"@type\":\"ListItem\",\"position\":2,\"name\":\"Z &#8211; AVIS JURIDIQUE &#038; POLITIQUE DE CONFIDENTIALIT\u00c9\"}]},{\"@type\":\"WebSite\",\"@id\":\"https:\\\/\\\/samcla.com\\\/fr\\\/#website\",\"url\":\"https:\\\/\\\/samcla.com\\\/fr\\\/\",\"name\":\"Samcla\",\"description\":\"Sistema de telegesti\u00f3n para redes de riego\",\"publisher\":{\"@id\":\"https:\\\/\\\/samcla.com\\\/fr\\\/#organization\"},\"potentialAction\":[{\"@type\":\"SearchAction\",\"target\":{\"@type\":\"EntryPoint\",\"urlTemplate\":\"https:\\\/\\\/samcla.com\\\/fr\\\/?s={search_term_string}\"},\"query-input\":{\"@type\":\"PropertyValueSpecification\",\"valueRequired\":true,\"valueName\":\"search_term_string\"}}],\"inLanguage\":\"fr-FR\"},{\"@type\":\"Organization\",\"@id\":\"https:\\\/\\\/samcla.com\\\/fr\\\/#organization\",\"name\":\"SAMCLA\",\"url\":\"https:\\\/\\\/samcla.com\\\/fr\\\/\",\"logo\":{\"@type\":\"ImageObject\",\"inLanguage\":\"fr-FR\",\"@id\":\"https:\\\/\\\/samcla.com\\\/fr\\\/#\\\/schema\\\/logo\\\/image\\\/\",\"url\":\"https:\\\/\\\/samcla.com\\\/wp-content\\\/uploads\\\/2018\\\/03\\\/LOGO_SAMCLA_HOME_5.png\",\"contentUrl\":\"https:\\\/\\\/samcla.com\\\/wp-content\\\/uploads\\\/2018\\\/03\\\/LOGO_SAMCLA_HOME_5.png\",\"width\":\"543\",\"height\":\"200\",\"caption\":\"SAMCLA\"},\"image\":{\"@id\":\"https:\\\/\\\/samcla.com\\\/fr\\\/#\\\/schema\\\/logo\\\/image\\\/\"},\"sameAs\":[\"http:\\\/\\\/samclatelemanagement\"]}]}<\/script>\n<!-- \/ Yoast SEO plugin. -->","yoast_head_json":{"title":"Z - AVIS JURIDIQUE & POLITIQUE DE CONFIDENTIALIT\u00c9 &#8212; Samcla","robots":{"index":"index","follow":"follow","max-snippet":"max-snippet:-1","max-image-preview":"max-image-preview:large","max-video-preview":"max-video-preview:-1"},"canonical":"https:\/\/samcla.com\/fr\/avis-juridique-politique-de-confidentialite\/","og_locale":"fr_FR","og_type":"article","og_title":"Z - AVIS JURIDIQUE & POLITIQUE DE CONFIDENTIALIT\u00c9 &#8212; Samcla","og_url":"https:\/\/samcla.com\/fr\/avis-juridique-politique-de-confidentialite\/","og_site_name":"Samcla","article_modified_time":"2026-01-26T09:26:54+00:00","twitter_card":"summary_large_image","twitter_misc":{"Dur\u00e9e de lecture estim\u00e9e":"3 minutes"},"schema":{"@context":"https:\/\/schema.org","@graph":[{"@type":"WebPage","@id":"https:\/\/samcla.com\/fr\/avis-juridique-politique-de-confidentialite\/","url":"https:\/\/samcla.com\/fr\/avis-juridique-politique-de-confidentialite\/","name":"Z - AVIS JURIDIQUE & POLITIQUE DE CONFIDENTIALIT\u00c9 &#8212; Samcla","isPartOf":{"@id":"https:\/\/samcla.com\/fr\/#website"},"datePublished":"2021-10-27T14:59:04+00:00","dateModified":"2026-01-26T09:26:54+00:00","breadcrumb":{"@id":"https:\/\/samcla.com\/fr\/avis-juridique-politique-de-confidentialite\/#breadcrumb"},"inLanguage":"fr-FR","potentialAction":[{"@type":"ReadAction","target":["https:\/\/samcla.com\/fr\/avis-juridique-politique-de-confidentialite\/"]}]},{"@type":"BreadcrumbList","@id":"https:\/\/samcla.com\/fr\/avis-juridique-politique-de-confidentialite\/#breadcrumb","itemListElement":[{"@type":"ListItem","position":1,"name":"Portada","item":"https:\/\/samcla.com\/fr\/accueil\/"},{"@type":"ListItem","position":2,"name":"Z &#8211; AVIS JURIDIQUE &#038; POLITIQUE DE CONFIDENTIALIT\u00c9"}]},{"@type":"WebSite","@id":"https:\/\/samcla.com\/fr\/#website","url":"https:\/\/samcla.com\/fr\/","name":"Samcla","description":"Sistema de telegesti\u00f3n para redes de riego","publisher":{"@id":"https:\/\/samcla.com\/fr\/#organization"},"potentialAction":[{"@type":"SearchAction","target":{"@type":"EntryPoint","urlTemplate":"https:\/\/samcla.com\/fr\/?s={search_term_string}"},"query-input":{"@type":"PropertyValueSpecification","valueRequired":true,"valueName":"search_term_string"}}],"inLanguage":"fr-FR"},{"@type":"Organization","@id":"https:\/\/samcla.com\/fr\/#organization","name":"SAMCLA","url":"https:\/\/samcla.com\/fr\/","logo":{"@type":"ImageObject","inLanguage":"fr-FR","@id":"https:\/\/samcla.com\/fr\/#\/schema\/logo\/image\/","url":"https:\/\/samcla.com\/wp-content\/uploads\/2018\/03\/LOGO_SAMCLA_HOME_5.png","contentUrl":"https:\/\/samcla.com\/wp-content\/uploads\/2018\/03\/LOGO_SAMCLA_HOME_5.png","width":"543","height":"200","caption":"SAMCLA"},"image":{"@id":"https:\/\/samcla.com\/fr\/#\/schema\/logo\/image\/"},"sameAs":["http:\/\/samclatelemanagement"]}]}},"_links":{"self":[{"href":"https:\/\/samcla.com\/fr\/wp-json\/wp\/v2\/pages\/18590","targetHints":{"allow":["GET"]}}],"collection":[{"href":"https:\/\/samcla.com\/fr\/wp-json\/wp\/v2\/pages"}],"about":[{"href":"https:\/\/samcla.com\/fr\/wp-json\/wp\/v2\/types\/page"}],"author":[{"embeddable":true,"href":"https:\/\/samcla.com\/fr\/wp-json\/wp\/v2\/users\/6"}],"replies":[{"embeddable":true,"href":"https:\/\/samcla.com\/fr\/wp-json\/wp\/v2\/comments?post=18590"}],"version-history":[{"count":0,"href":"https:\/\/samcla.com\/fr\/wp-json\/wp\/v2\/pages\/18590\/revisions"}],"wp:attachment":[{"href":"https:\/\/samcla.com\/fr\/wp-json\/wp\/v2\/media?parent=18590"}],"curies":[{"name":"wp","href":"https:\/\/api.w.org\/{rel}","templated":true}]}}