{"id":18911,"date":"2021-11-15T10:09:30","date_gmt":"2021-11-15T09:09:30","guid":{"rendered":"https:\/\/samcla.com\/?page_id=18911"},"modified":"2021-11-24T14:25:09","modified_gmt":"2021-11-24T13:25:09","slug":"mention-legal-mailings-3","status":"publish","type":"page","link":"https:\/\/samcla.com\/fr\/mention-legal-mailings-3\/","title":{"rendered":"Z &#8211; LOPD SAMCLA FRANCE 3 &#8211; mailing amb dades comprades o extretes de fonts p\u00fabliques"},"content":{"rendered":"<section  class='av_textblock_section av-kw0g1qlp-840ecb4a7723c36459d81fa868001340 '   itemscope=\"itemscope\" itemtype=\"https:\/\/schema.org\/CreativeWork\" ><div class='avia_textblock'  itemprop=\"text\" ><h2 id=\"tw-target-text\" class=\"tw-data-text tw-text-large XcVN5d tw-ta\" dir=\"ltr\" data-placeholder=\"Traduction\"><span class=\"Y2IQFc\" lang=\"fr\">MENTION L\u00c9GALE <\/span><\/h2>\n<p>Pour se conformer \u00e0 le R\u00e8glement g\u00e9n\u00e9ral sur la protection des donn\u00e9es 2016\/679 UE, nous vous informons que vous avez re\u00e7u ce message publicitaire parce que nous avons obtenu vos donn\u00e9es \u00e0 caract\u00e8re personnel de votre site web et nous les avons incorpor\u00e9es dans les traitements appartenant \u00e0 SAMCLA FRANCE SAS,\u00a0 18 &#8211; 26 rue Goubet 75019 PARIS..<\/p>\n<p>Nous proc\u00e9dons \u00e9galement \u00e0 demander votre consentement pour pouvoir vous envoyer plus de publicit\u00e9 \u00e0 l&rsquo;avenir, ainsi que pour vous tenir inform\u00e9 de nos produits et services, ce que vous pouvez faire en envoyant votre r\u00e9ponse \u00e0 SAMCLA FRANCE SAS \u00e0 l&rsquo;adresse <a href=\"mailto:lopd@samcla.com\">lopd@samcla.com<\/a><\/p>\n<p>IMPORTANT : Si vous ne cochez pas la case de consentement, nous ne pourrons pas vous tenir bien inform\u00e9s de nos activit\u00e9s ou vous proposer des informations sur nos produits et services.<\/p>\n<p>De m\u00eame, si vous souhaitez exercer vos droits d&rsquo;acc\u00e8s, de rectification, d&rsquo;effacement, de portabilit\u00e9 aussi bien que d&rsquo;opposition ou de limitation au traitement de vos donn\u00e9es, vous pouvez \u00e9crire \u00e0 SAMCLA FRANCE SAS \u00e0 l&rsquo;adresse <a href=\"mailto:lopd@samcla.com\">lopd@samcla.com<\/a><\/p>\n<\/div><\/section>\n","protected":false},"excerpt":{"rendered":"","protected":false},"author":6,"featured_media":0,"parent":0,"menu_order":0,"comment_status":"closed","ping_status":"closed","template":"","meta":{"footnotes":""},"class_list":["post-18911","page","type-page","status-publish","hentry"],"yoast_head":"<!-- This site is optimized with the Yoast SEO plugin v27.4 - https:\/\/yoast.com\/product\/yoast-seo-wordpress\/ -->\n<title>Z - LOPD SAMCLA FRANCE 3 - mailing amb dades comprades o extretes de fonts p\u00fabliques &#8212; Samcla<\/title>\n<meta name=\"robots\" content=\"index, follow, max-snippet:-1, max-image-preview:large, max-video-preview:-1\" \/>\n<link rel=\"canonical\" href=\"https:\/\/samcla.com\/fr\/mention-legal-mailings-3\/\" \/>\n<meta property=\"og:locale\" content=\"fr_FR\" \/>\n<meta property=\"og:type\" content=\"article\" \/>\n<meta property=\"og:title\" content=\"Z - LOPD SAMCLA FRANCE 3 - mailing amb dades comprades o extretes de fonts p\u00fabliques &#8212; Samcla\" \/>\n<meta property=\"og:url\" content=\"https:\/\/samcla.com\/fr\/mention-legal-mailings-3\/\" \/>\n<meta property=\"og:site_name\" content=\"Samcla\" \/>\n<meta property=\"article:modified_time\" content=\"2021-11-24T13:25:09+00:00\" \/>\n<meta name=\"twitter:card\" content=\"summary_large_image\" \/>\n<meta name=\"twitter:label1\" content=\"Dur\u00e9e de lecture estim\u00e9e\" \/>\n\t<meta name=\"twitter:data1\" content=\"1 minute\" \/>\n<script type=\"application\/ld+json\" class=\"yoast-schema-graph\">{\"@context\":\"https:\\\/\\\/schema.org\",\"@graph\":[{\"@type\":\"WebPage\",\"@id\":\"https:\\\/\\\/samcla.com\\\/fr\\\/mention-legal-mailings-3\\\/\",\"url\":\"https:\\\/\\\/samcla.com\\\/fr\\\/mention-legal-mailings-3\\\/\",\"name\":\"Z - LOPD SAMCLA FRANCE 3 - mailing amb dades comprades o extretes de fonts p\u00fabliques &#8212; Samcla\",\"isPartOf\":{\"@id\":\"https:\\\/\\\/samcla.com\\\/fr\\\/#website\"},\"datePublished\":\"2021-11-15T09:09:30+00:00\",\"dateModified\":\"2021-11-24T13:25:09+00:00\",\"breadcrumb\":{\"@id\":\"https:\\\/\\\/samcla.com\\\/fr\\\/mention-legal-mailings-3\\\/#breadcrumb\"},\"inLanguage\":\"fr-FR\",\"potentialAction\":[{\"@type\":\"ReadAction\",\"target\":[\"https:\\\/\\\/samcla.com\\\/fr\\\/mention-legal-mailings-3\\\/\"]}]},{\"@type\":\"BreadcrumbList\",\"@id\":\"https:\\\/\\\/samcla.com\\\/fr\\\/mention-legal-mailings-3\\\/#breadcrumb\",\"itemListElement\":[{\"@type\":\"ListItem\",\"position\":1,\"name\":\"Portada\",\"item\":\"https:\\\/\\\/samcla.com\\\/fr\\\/accueil\\\/\"},{\"@type\":\"ListItem\",\"position\":2,\"name\":\"Z &#8211; LOPD SAMCLA FRANCE 3 &#8211; mailing amb dades comprades o extretes de fonts p\u00fabliques\"}]},{\"@type\":\"WebSite\",\"@id\":\"https:\\\/\\\/samcla.com\\\/fr\\\/#website\",\"url\":\"https:\\\/\\\/samcla.com\\\/fr\\\/\",\"name\":\"Samcla\",\"description\":\"Sistema de telegesti\u00f3n para redes de riego\",\"publisher\":{\"@id\":\"https:\\\/\\\/samcla.com\\\/fr\\\/#organization\"},\"potentialAction\":[{\"@type\":\"SearchAction\",\"target\":{\"@type\":\"EntryPoint\",\"urlTemplate\":\"https:\\\/\\\/samcla.com\\\/fr\\\/?s={search_term_string}\"},\"query-input\":{\"@type\":\"PropertyValueSpecification\",\"valueRequired\":true,\"valueName\":\"search_term_string\"}}],\"inLanguage\":\"fr-FR\"},{\"@type\":\"Organization\",\"@id\":\"https:\\\/\\\/samcla.com\\\/fr\\\/#organization\",\"name\":\"SAMCLA\",\"url\":\"https:\\\/\\\/samcla.com\\\/fr\\\/\",\"logo\":{\"@type\":\"ImageObject\",\"inLanguage\":\"fr-FR\",\"@id\":\"https:\\\/\\\/samcla.com\\\/fr\\\/#\\\/schema\\\/logo\\\/image\\\/\",\"url\":\"https:\\\/\\\/samcla.com\\\/wp-content\\\/uploads\\\/2018\\\/03\\\/LOGO_SAMCLA_HOME_5.png\",\"contentUrl\":\"https:\\\/\\\/samcla.com\\\/wp-content\\\/uploads\\\/2018\\\/03\\\/LOGO_SAMCLA_HOME_5.png\",\"width\":\"543\",\"height\":\"200\",\"caption\":\"SAMCLA\"},\"image\":{\"@id\":\"https:\\\/\\\/samcla.com\\\/fr\\\/#\\\/schema\\\/logo\\\/image\\\/\"},\"sameAs\":[\"http:\\\/\\\/samclatelemanagement\"]}]}<\/script>\n<!-- \/ Yoast SEO plugin. -->","yoast_head_json":{"title":"Z - LOPD SAMCLA FRANCE 3 - mailing amb dades comprades o extretes de fonts p\u00fabliques &#8212; Samcla","robots":{"index":"index","follow":"follow","max-snippet":"max-snippet:-1","max-image-preview":"max-image-preview:large","max-video-preview":"max-video-preview:-1"},"canonical":"https:\/\/samcla.com\/fr\/mention-legal-mailings-3\/","og_locale":"fr_FR","og_type":"article","og_title":"Z - LOPD SAMCLA FRANCE 3 - mailing amb dades comprades o extretes de fonts p\u00fabliques &#8212; Samcla","og_url":"https:\/\/samcla.com\/fr\/mention-legal-mailings-3\/","og_site_name":"Samcla","article_modified_time":"2021-11-24T13:25:09+00:00","twitter_card":"summary_large_image","twitter_misc":{"Dur\u00e9e de lecture estim\u00e9e":"1 minute"},"schema":{"@context":"https:\/\/schema.org","@graph":[{"@type":"WebPage","@id":"https:\/\/samcla.com\/fr\/mention-legal-mailings-3\/","url":"https:\/\/samcla.com\/fr\/mention-legal-mailings-3\/","name":"Z - LOPD SAMCLA FRANCE 3 - mailing amb dades comprades o extretes de fonts p\u00fabliques &#8212; Samcla","isPartOf":{"@id":"https:\/\/samcla.com\/fr\/#website"},"datePublished":"2021-11-15T09:09:30+00:00","dateModified":"2021-11-24T13:25:09+00:00","breadcrumb":{"@id":"https:\/\/samcla.com\/fr\/mention-legal-mailings-3\/#breadcrumb"},"inLanguage":"fr-FR","potentialAction":[{"@type":"ReadAction","target":["https:\/\/samcla.com\/fr\/mention-legal-mailings-3\/"]}]},{"@type":"BreadcrumbList","@id":"https:\/\/samcla.com\/fr\/mention-legal-mailings-3\/#breadcrumb","itemListElement":[{"@type":"ListItem","position":1,"name":"Portada","item":"https:\/\/samcla.com\/fr\/accueil\/"},{"@type":"ListItem","position":2,"name":"Z &#8211; LOPD SAMCLA FRANCE 3 &#8211; mailing amb dades comprades o extretes de fonts p\u00fabliques"}]},{"@type":"WebSite","@id":"https:\/\/samcla.com\/fr\/#website","url":"https:\/\/samcla.com\/fr\/","name":"Samcla","description":"Sistema de telegesti\u00f3n para redes de riego","publisher":{"@id":"https:\/\/samcla.com\/fr\/#organization"},"potentialAction":[{"@type":"SearchAction","target":{"@type":"EntryPoint","urlTemplate":"https:\/\/samcla.com\/fr\/?s={search_term_string}"},"query-input":{"@type":"PropertyValueSpecification","valueRequired":true,"valueName":"search_term_string"}}],"inLanguage":"fr-FR"},{"@type":"Organization","@id":"https:\/\/samcla.com\/fr\/#organization","name":"SAMCLA","url":"https:\/\/samcla.com\/fr\/","logo":{"@type":"ImageObject","inLanguage":"fr-FR","@id":"https:\/\/samcla.com\/fr\/#\/schema\/logo\/image\/","url":"https:\/\/samcla.com\/wp-content\/uploads\/2018\/03\/LOGO_SAMCLA_HOME_5.png","contentUrl":"https:\/\/samcla.com\/wp-content\/uploads\/2018\/03\/LOGO_SAMCLA_HOME_5.png","width":"543","height":"200","caption":"SAMCLA"},"image":{"@id":"https:\/\/samcla.com\/fr\/#\/schema\/logo\/image\/"},"sameAs":["http:\/\/samclatelemanagement"]}]}},"_links":{"self":[{"href":"https:\/\/samcla.com\/fr\/wp-json\/wp\/v2\/pages\/18911","targetHints":{"allow":["GET"]}}],"collection":[{"href":"https:\/\/samcla.com\/fr\/wp-json\/wp\/v2\/pages"}],"about":[{"href":"https:\/\/samcla.com\/fr\/wp-json\/wp\/v2\/types\/page"}],"author":[{"embeddable":true,"href":"https:\/\/samcla.com\/fr\/wp-json\/wp\/v2\/users\/6"}],"replies":[{"embeddable":true,"href":"https:\/\/samcla.com\/fr\/wp-json\/wp\/v2\/comments?post=18911"}],"version-history":[{"count":0,"href":"https:\/\/samcla.com\/fr\/wp-json\/wp\/v2\/pages\/18911\/revisions"}],"wp:attachment":[{"href":"https:\/\/samcla.com\/fr\/wp-json\/wp\/v2\/media?parent=18911"}],"curies":[{"name":"wp","href":"https:\/\/api.w.org\/{rel}","templated":true}]}}